{"id":350,"date":"2020-10-26T14:03:19","date_gmt":"2020-10-26T14:03:19","guid":{"rendered":"http:\/\/xn--frank-khn-w9a.com\/?page_id=350"},"modified":"2025-10-14T16:04:52","modified_gmt":"2025-10-14T16:04:52","slug":"zur-person","status":"publish","type":"page","link":"https:\/\/www.frank-kuehn.com\/?page_id=350","title":{"rendered":"Zur Person"},"content":{"rendered":"<\/p>\n\n\n<\/p>\n<figure id=\"attachment_601\" aria-describedby=\"caption-attachment-601\" style=\"width: 300px\" class=\"wp-caption aligncenter\"><a href=\"https:\/\/www.frank-kuehn.com\/wp-content\/uploads\/2022\/12\/MxAusschnitt.jpg\"><img loading=\"lazy\" decoding=\"async\" src=\"https:\/\/www.frank-kuehn.com\/wp-content\/uploads\/2022\/12\/MxAusschnitt-300x290.jpg\" alt=\"Frank K\u00fchn\" width=\"300\" height=\"290\" \/><\/a><figcaption id=\"caption-attachment-601\" class=\"wp-caption-text\">Frank K\u00fchn<\/figcaption><\/figure>\n<p><br \/>Jahrgang 1965<br \/><br \/>Abitur im Abendgymnasium Giessen<br \/><br \/>Abgeschlossenes Magister-Studium Mittelalterliche Geschichte und Philosophie<br \/><br \/>Doktorand Mittelalterliche Geschichte<br \/><br \/>Seit 1988 selbst\u00e4ndig im Bereich IT<br \/>Zu Anfang Bau von Computern und Programmierung von Anwendungen, Durchf\u00fchrung von Schulungen, dann Spezialisierung auf Problembehebungen in Netzwerken<\/p>\n<p>\n\n\n\n<div class=\"wp-block-columns is-layout-flex wp-container-core-columns-is-layout-9d6595d7 wp-block-columns-is-layout-flex\">\n<div class=\"wp-block-column is-layout-flow wp-block-column-is-layout-flow\" style=\"flex-basis:100%\">\n<figure class=\"wp-block-image size-large is-resized\"><a href=\"https:\/\/www.frank-kuehn.com\/wp-content\/uploads\/2024\/04\/Screenshot_20240.jpg\"><img loading=\"lazy\" decoding=\"async\" width=\"1024\" height=\"906\" src=\"https:\/\/www.frank-kuehn.com\/wp-content\/uploads\/2024\/04\/Screenshot_20240-1024x906.jpg\" alt=\"\" class=\"wp-image-667\" style=\"width:282px;height:249px\" srcset=\"https:\/\/www.frank-kuehn.com\/wp-content\/uploads\/2024\/04\/Screenshot_20240-1024x906.jpg 1024w, https:\/\/www.frank-kuehn.com\/wp-content\/uploads\/2024\/04\/Screenshot_20240-300x265.jpg 300w, https:\/\/www.frank-kuehn.com\/wp-content\/uploads\/2024\/04\/Screenshot_20240-768x680.jpg 768w, https:\/\/www.frank-kuehn.com\/wp-content\/uploads\/2024\/04\/Screenshot_20240.jpg 1059w\" sizes=\"auto, (max-width: 1024px) 100vw, 1024px\" \/><\/a><\/figure>\n<\/div>\n<\/div>\n\n\n\n<p>&#8230; und gerne in der Gie\u00dfener Gastronomie unterwegs \ud83d\ude09<\/p>\n","protected":false},"excerpt":{"rendered":"<p>Jahrgang 1965 Abitur im Abendgymnasium Giessen Abgeschlossenes Magister-Studium Mittelalterliche Geschichte und Philosophie Doktorand Mittelalterliche Geschichte Seit 1988 selbst\u00e4ndig im Bereich ITZu Anfang Bau von Computern und Programmierung von Anwendungen, Durchf\u00fchrung von Schulungen, dann Spezialisierung auf Problembehebungen in Netzwerken &#8230; und gerne in der Gie\u00dfener Gastronomie unterwegs \ud83d\ude09<\/p>\n","protected":false},"author":1,"featured_media":119,"parent":0,"menu_order":0,"comment_status":"closed","ping_status":"closed","template":"","meta":{"footnotes":""},"class_list":["post-350","page","type-page","status-publish","has-post-thumbnail","hentry"],"_links":{"self":[{"href":"https:\/\/www.frank-kuehn.com\/index.php?rest_route=\/wp\/v2\/pages\/350","targetHints":{"allow":["GET"]}}],"collection":[{"href":"https:\/\/www.frank-kuehn.com\/index.php?rest_route=\/wp\/v2\/pages"}],"about":[{"href":"https:\/\/www.frank-kuehn.com\/index.php?rest_route=\/wp\/v2\/types\/page"}],"author":[{"embeddable":true,"href":"https:\/\/www.frank-kuehn.com\/index.php?rest_route=\/wp\/v2\/users\/1"}],"replies":[{"embeddable":true,"href":"https:\/\/www.frank-kuehn.com\/index.php?rest_route=%2Fwp%2Fv2%2Fcomments&post=350"}],"version-history":[{"count":53,"href":"https:\/\/www.frank-kuehn.com\/index.php?rest_route=\/wp\/v2\/pages\/350\/revisions"}],"predecessor-version":[{"id":748,"href":"https:\/\/www.frank-kuehn.com\/index.php?rest_route=\/wp\/v2\/pages\/350\/revisions\/748"}],"wp:featuredmedia":[{"embeddable":true,"href":"https:\/\/www.frank-kuehn.com\/index.php?rest_route=\/wp\/v2\/media\/119"}],"wp:attachment":[{"href":"https:\/\/www.frank-kuehn.com\/index.php?rest_route=%2Fwp%2Fv2%2Fmedia&parent=350"}],"curies":[{"name":"wp","href":"https:\/\/api.w.org\/{rel}","templated":true}]}}