{"id":385,"date":"2020-12-07T14:19:33","date_gmt":"2020-12-07T14:19:33","guid":{"rendered":"http:\/\/xn--frank-khn-w9a.com\/?page_id=385"},"modified":"2025-10-14T16:07:25","modified_gmt":"2025-10-14T16:07:25","slug":"willkommen","status":"publish","type":"page","link":"https:\/\/www.frank-kuehn.com\/","title":{"rendered":"Willkommen!"},"content":{"rendered":"<\/p>\n\n\n<\/p>\n<p><strong>Kompetente Computerhilfe bei Ihnen direkt vor Ort<\/strong><\/p>\n<p>\n\n\n<\/p>\n\n\n<\/p>\n<p>Ihr PC f\u00e4hrt nicht mehr hoch? Sie kommen nicht mehr ins Internet?<\/p>\n<p>\n\n\n<\/p>\n\n\n<\/p>\n<p>Sie haben nicht mehr wie gewohnt Google als Startseite, sondern diese scheint durch einen Virus manipuliert zu sein? Dann sind Sie bei mir richtig. F\u00fcr meine Kunden l\u00f6se ich seit mehr als 30 Jahren s\u00e4mtliche Computer- und Netzwerkprobleme zuverl\u00e4ssig.<\/p>\n<p>\n\n\n<\/p>\n\n\n<\/p>\n<p>Vereinbaren Sie gerne einen kurzfristigen Termin unter<\/p>\n<p>\n\n\n<\/p>\n\n\n<\/p>\n<p><strong>0172 &#8211; 674 90 34<\/strong><\/p>\n<p style=\"text-align: center;\"><a href=\"http:\/\/frank-k\u00fchn.com\/?page_id=350\">Zur Person<\/a><\/p>\n<p>\n\n\n<p><span style=\"color: #808080;\">Mein Arbeitsspektrum: PC, Laptop, Tablet, Smartphone, Smart-TV, Streaming wie Amazon Prime, FireTV, Google Chromecast; Audio- und Video- Technik, Netzwerke, Umbau, Aufr\u00fcstung, \u00dcberwachungstechnik (auch auf PC und Smartphone), Router, Drucker, Plotter, MS Office, Schulung, pers\u00f6nliche Cloud, Datenrettung u.v.m.<br \/>Ich berate Sie auch gerne zu Neuanschaffungen und erkl\u00e4re Ihnen, wie man Computerprobleme selbst l\u00f6st und helfe bei Verst\u00e4ndnisproblemen.<\/span><\/p>","protected":false},"excerpt":{"rendered":"<p>Kompetente Computerhilfe bei Ihnen direkt vor Ort Ihr PC f\u00e4hrt nicht mehr hoch? Sie kommen nicht mehr ins Internet? Sie haben nicht mehr wie gewohnt Google als Startseite, sondern diese scheint durch einen Virus manipuliert zu sein? Dann sind Sie bei mir richtig. F\u00fcr meine Kunden l\u00f6se ich seit mehr als 30 Jahren s\u00e4mtliche Computer- &hellip; <a href=\"https:\/\/www.frank-kuehn.com\/\" class=\"more-link\"><span class=\"screen-reader-text\">Willkommen!<\/span> weiterlesen <span class=\"meta-nav\">&rarr;<\/span><\/a><\/p>\n","protected":false},"author":1,"featured_media":0,"parent":0,"menu_order":0,"comment_status":"closed","ping_status":"closed","template":"","meta":{"footnotes":""},"class_list":["post-385","page","type-page","status-publish","hentry"],"_links":{"self":[{"href":"https:\/\/www.frank-kuehn.com\/index.php?rest_route=\/wp\/v2\/pages\/385","targetHints":{"allow":["GET"]}}],"collection":[{"href":"https:\/\/www.frank-kuehn.com\/index.php?rest_route=\/wp\/v2\/pages"}],"about":[{"href":"https:\/\/www.frank-kuehn.com\/index.php?rest_route=\/wp\/v2\/types\/page"}],"author":[{"embeddable":true,"href":"https:\/\/www.frank-kuehn.com\/index.php?rest_route=\/wp\/v2\/users\/1"}],"replies":[{"embeddable":true,"href":"https:\/\/www.frank-kuehn.com\/index.php?rest_route=%2Fwp%2Fv2%2Fcomments&post=385"}],"version-history":[{"count":37,"href":"https:\/\/www.frank-kuehn.com\/index.php?rest_route=\/wp\/v2\/pages\/385\/revisions"}],"predecessor-version":[{"id":749,"href":"https:\/\/www.frank-kuehn.com\/index.php?rest_route=\/wp\/v2\/pages\/385\/revisions\/749"}],"wp:attachment":[{"href":"https:\/\/www.frank-kuehn.com\/index.php?rest_route=%2Fwp%2Fv2%2Fmedia&parent=385"}],"curies":[{"name":"wp","href":"https:\/\/api.w.org\/{rel}","templated":true}]}}