{"id":65,"date":"2015-08-26T12:10:34","date_gmt":"2015-08-26T12:10:34","guid":{"rendered":"http:\/\/xn--frank-khn-w9a.com\/?page_id=65"},"modified":"2026-03-11T12:12:44","modified_gmt":"2026-03-11T12:12:44","slug":"aktuelles","status":"publish","type":"page","link":"https:\/\/www.frank-kuehn.com\/?page_id=65","title":{"rendered":"Aktuelles"},"content":{"rendered":"\n<p><strong>M\u00e4rz 2026 &#8211; \u00a0Fritzbox 7530\/7590 &#8211; sollte man diese gegen eine neue 7690 tauschen?<br><\/strong><br>Die Frage l\u00e4sst sich klar mit ja beantworten:<br><br>Hier ein paar Eckdaten:<br><br><strong>WLAN<\/strong><br>7530 &#8211; 2 Antennen, 866 Mbit<br>7690 &#8211; 8 Antennen, 7200 Mbit<br><br><strong>LAN (Netzwerk per Kabel)<\/strong><br>7530 &#8211; 1 Ghz<br>7690 &#8211; 2,5 Ghz<br><br><strong>Prozessor<\/strong><br>7530 &#8211; 1x 1 Ghz<br>7690 &#8211; 4x 1,7 Ghz<br><strong><br>RAM (Arbeitsspeicher der Fritzbox)<\/strong><br>7530 &#8211; 256 MB<br>7690 &#8211; 1.000 MB<br><br>Da der Preis der 7690 gerade auf den der \u00e4lteren 7590 gefallen ist,\u00a0<br>ist jetzt ein guter Zeitpunkt, den Austausch vorzunehmen.<br><br>Hierdurch verringern sich z.B. die Ladezeiten von Lexware um ca. 50 Prozent, und Netzwerke profitieren besonders.<\/p>\n\n\n\n<p>Januar 2026<em>&#8211; <strong>&#8222;Aus dem Leben eines Computer-Doktors&#8220;<\/strong><\/em><\/p>\n\n\n\n<p>Neulich habe ich bei einem Kunden ein Programm zur Sicherheit installiert, das mit insgesamt 70 Antivirenplattformen die Downloads \u00fcberpr\u00fcft. Diesmal wurden sagenhafte 11 Viren in einer einzigen Datei gefunden, die vergessene Passworte auslesen k\u00f6nnen soll. Also: Vorsicht vor solchen sogenannten &#8222;Hilfsprogrammen&#8220;<br><br><img loading=\"lazy\" decoding=\"async\" width=\"600\" height=\"346\" class=\"wp-image-777\" style=\"width: 600px;\" src=\"https:\/\/www.frank-kuehn.com\/wp-content\/uploads\/2026\/01\/KeyfiTro.jpg\" alt=\"Screenshot von 11 Viren in einer einzigen Datei\" srcset=\"https:\/\/www.frank-kuehn.com\/wp-content\/uploads\/2026\/01\/KeyfiTro.jpg 1091w, https:\/\/www.frank-kuehn.com\/wp-content\/uploads\/2026\/01\/KeyfiTro-300x173.jpg 300w, https:\/\/www.frank-kuehn.com\/wp-content\/uploads\/2026\/01\/KeyfiTro-1024x591.jpg 1024w, https:\/\/www.frank-kuehn.com\/wp-content\/uploads\/2026\/01\/KeyfiTro-768x443.jpg 768w\" sizes=\"auto, (max-width: 600px) 100vw, 600px\" \/><br><br><br>Januar 2026<em>&#8211; <strong>&#8222;Das technische Geheimnis der E-Rechnungen&#8220;<\/strong><\/em><\/p>\n\n\n\n<p>Erh\u00e4lt man eine E-Rechnung, bekommt man wie gewohnt kommt eine pdf- Datei. Innerhalb dieser gibt es aber einen ziemlich versteckten Anhang mit dem Namen &#8222;factur-x.xml&#8220;, der unbemerkt mitgesendet wird. Diese Datei ist nur computerlesbar und enth\u00e4lt etwa Kundenadresse, Rechnungsnummer, Artikel etc. <\/p>\n\n\n\n<p>Sie wird beim &#8222;<em>Drag&amp;Drop&#8220; (Hineinziehen)<\/em> in ein E-Rechnungs-f\u00e4higes Programm wie Lexware , <em>direkt importiert<\/em>, ohne erst aufwendig die Rechnungsdaten von Hand eingeben zu m\u00fcssen. <\/p>\n\n\n\n<p><br>Diese nur computerlesbare xml- Datei enth\u00e4lt quasi die gleichen Daten wie die normale pdf-Datei. Es sind hier feste Platzhalter vordefiniert, etwa ein Feld &#8222;Postleitzahl&#8220;, wo auch das Buchhaltungsprogamm seine Postleitzahlen und deren Eingabe &#8222;erwartet&#8220;. Man kann es sich so vorstellen, als w\u00fcrde man in Excel eine einzelne Zeile mit Adressdaten <strong>eines <\/strong><em><strong>Kunden <\/strong><\/em>in eine andere, gr\u00f6ssere Tabelle \u00fcbernehmen, die <strong>alle <\/strong><em><strong>Kundenadressen <\/strong><\/em>enth\u00e4lt.<\/p>\n\n\n\n<p><a href=\"https:\/\/www.frank-kuehn.com\/wp-content\/uploads\/2026\/01\/ERechnungHierIstDieXMLDateiVersteckt.jpg\" data-type=\"link\" data-id=\"https:\/\/www.frank-kuehn.com\/wp-content\/uploads\/2026\/01\/ERechnungHierIstDieXMLDateiVersteckt.jpg\">Bild 1 : Hier ist die xml- Datei &#8222;versteckt&#8220;<\/a><br><a href=\"https:\/\/www.frank-kuehn.com\/wp-content\/uploads\/2026\/01\/Beispiel-factur-x.jpg\" data-type=\"link\" data-id=\"https:\/\/www.frank-kuehn.com\/wp-content\/uploads\/2026\/01\/Beispiel-factur-x.jpg\">Bild 2: &#8222;Innenansicht&#8220; einer factur-x.xml nach &#8222;ZugFerd&#8220; -Standard<\/a><br><br><\/p>\n\n\n\n<p id=\"block-d59c46ae-0e4e-4db5-abf0-7feb8c14c18b\">Januar 2026<em>&#8211; <strong>Warum Computer immer langsamer werden<\/strong><\/em><\/p>\n\n\n\n<p id=\"block-d59c46ae-0e4e-4db5-abf0-7feb8c14c18b\">Neben den bekannteren Ursachen wie &#8222;Verm\u00fcllung, Viren und unerw\u00fcnschten Hintergrunddiensten&#8220; liegt dies auch an Windows selbst.<br>Windows 7 Home aus dem Jahre 2010 war 15 GB gross, Windows 10 aus dem Jahre 2015 35 GB gross, und ein aktuelles Windows 11 25H2 liegt bei 50- 60 GB. Dies bedeutet, dass ein Computer heute mit der 4fachen Datenmenge des reinen Betriebssystems klarkommen muss, wie vor 15 Jahren. <br>Der Kern des Betriebssystems Windows, die sog. &#8222;Registry&#8220;,  war bei Win 7 ca. 50.000 &#8211; 100.000 Eintr\u00e4ge gross, und umfasst heute ca. 250.000 Eintr\u00e4ge. Die PCs werden also nicht wirklich langsamer, sondern sie bekommen einfach immer mehr zu tun&#8230; auch weil etwa ein Antivirenprogramm heute nach 10x mehr Viren suchen muss wie 5 Jahre zuvor.<br>Daher ist das &#8222;Aufr\u00e4umen&#8220; und Sauberhalten der Windows- Systeme so wichtig. <br><\/p>\n\n\n\n<p id=\"block-d59c46ae-0e4e-4db5-abf0-7feb8c14c18b\"><br>Januar 2026<em>&#8211; <strong>Warum Sch\u00e4dlinge oft nur sehr schwer zu entfernen sind<\/strong><\/em><br><br>Dies liegt einfach auch an den reinen Zahlen der Sch\u00e4dlinge: Der erste Virus kam 1971 (!) in Umlauf, also schon weit vor der fl\u00e4chendeckenden Freigabe des Internets im Jahre 1993. Es gibt momentan \u00fcber 1 Mio. verschiedene klassische Viren, plus 100 Mio. Malware und deren Varianten. Die Anzahl der j\u00e4hrlichen weltweiten Malware- Angriffe liegt bei \u00fcber 6 Mrd. ! <br>Malware verursacht Sch\u00e4den durch&nbsp;<strong>Datendiebstahl<\/strong>&nbsp;(Spyware, Keylogger),&nbsp;<strong>Datenverschl\u00fcsselung und Erpressung<\/strong>&nbsp;(Ransomware),&nbsp;<strong>Systemzerst\u00f6rung<\/strong>&nbsp;(Viren),&nbsp;<strong>unbefugten Fernzugriff<\/strong>&nbsp;(Rootkits, Trojaner),&nbsp;<strong>Ausnutzung von Ressourcen<\/strong>&nbsp;(Cryptojacking) oder&nbsp;<strong>\u00dcberflutung mit Werbung<\/strong>&nbsp;(Adware), wodurch Daten ungewollt verbreitet werden, ganze Systeme lahmgelegt und Vertraulichkeit von Informationen verletzt werden k\u00f6nnen, was zu Betriebsunterbrechungen, hohen Kosten und Reputationssch\u00e4den f\u00fchren kann. <br><br><br>Oktober 2025<em>&#8211; <strong>Vorsicht vor Man-in-the-Middle-Attacken!<\/strong><\/em><\/p>\n\n\n\n<p id=\"block-d59c46ae-0e4e-4db5-abf0-7feb8c14c18b\">Es gibt einen extremen Anstieg sog. \u201eMan-in-the-Middle-Attacken\u201c, bei denen Hacker in Email- Server der Provider (also Strato, 1&amp;1, Ionos etc.) eindringen und dort Rechnungen manipulieren, in dem sie andere Kontonummern in die Rechnungen \u201eeinbauen\u201c und unter dem echten Namen weiterversenden, so dass man anhand der Email- Adresse nicht erkennen kann, dass es sich um eine F\u00e4lschung handelt.<\/p>\n\n\n\n<p class=\"has-text-align-center\"><strong>Deswegen \u00c4nderungen einer IBAN <em>IMMER<\/em> telefonisch beim Gesch\u00e4ftspartner best\u00e4tigen lassen<\/strong>.<\/p>\n\n\n\n<p id=\"block-d59c46ae-0e4e-4db5-abf0-7feb8c14c18b\">Die Banken f\u00fchrten hierzu eine Gegenpr\u00fcfung ein, die ab etwa 1.11.25 \u00fcberall eingesetzt wurde.<br><br><br>September 2025<em>&#8211; <strong>In eigener Sache &#8211; Restaurant-Tips<\/strong><\/em><br><br><a href=\"https:\/\/www.google.com\/maps\/d\/edit?mid=1dLcRX04VC-iWA1eKDbfg9wEfHCTg04c&amp;usp=sharing\" data-type=\"link\" data-id=\"https:\/\/www.google.com\/maps\/d\/edit?mid=1dLcRX04VC-iWA1eKDbfg9wEfHCTg04c&amp;usp=sharing\">Restaurant- Tips Herbst 2025<\/a><br><br>September 2025<em>&#8211; <strong>Neues EU Gesetz BFSG<\/strong><\/em><\/p>\n\n\n\n<p>Ab sofort m\u00fcssen alle neuen Internetseiten, Shops etc. &#8222;barrierefrei&#8220; gestaltet sein, d.h. f\u00fcr Menschen mit k\u00f6rperlicher oder geistiger Behinderung zug\u00e4nglich sein. Hierzu k\u00f6nnen etwa Schaltfl\u00e4chen zu &#8222;Hoher Kontrast&#8220;, &#8222;In leichter Sprache&#8220; etc. dienen.<br><br>Ausnahmen gibt es f\u00fcr Kleinstunternehmen unter 10 Mitarbeitern, Unternehmen mit weniger als 2 Mio Umsatz und f\u00fcr bestehende Internetseiten, die eine v\u00f6llige \u00dcberarbeitung notwendig machen w\u00fcrden. Einen unverbindlichen Check, ob das Gesetz f\u00fcr Sie zutrifft, gibt es <a href=\"https:\/\/bfsg-gesetz.de\/check\/\" data-type=\"link\" data-id=\"https:\/\/bfsg-gesetz.de\/check\/\">hier<\/a><br>Tip: \u00dcber die Windows- Tastenkombinattion Strg-Win-N kann man sich eine Internetseite vorlesen lassen. \u00dcber die Windows- Systemsteuerung &#8211; Barrierefreiheit &#8211; Sprachausgabe &#8211; AN ist dies von Hand zu aktivieren.<br><br>Auch \u00dcbersetzung ist m\u00f6glich, z.B. hier auf Italienisch:<br><a href=\"https:\/\/www-frank--kuehn-com.translate.goog\/?_x_tr_sl=de&amp;_x_tr_tl=it&amp;_x_tr_hl=de&amp;_x_tr_pto=wapp\" data-type=\"link\" data-id=\"https:\/\/www-frank--kuehn-com.translate.goog\/?_x_tr_sl=de&amp;_x_tr_tl=it&amp;_x_tr_hl=de&amp;_x_tr_pto=wapp\">https:\/\/www-frank&#8211;kuehn-com.translate.goog\/?_x_tr_sl=de&amp;_x_tr_tl=it&amp;_x_tr_hl=de&amp;_x_tr_pto=wapp<\/a><br><br>Bei Android- Smartphones: Einstellungen, <strong>Bedienungshilfen<\/strong> und dann auf <strong>Vorlesen<\/strong> klicken.<br><\/p>\n\n\n\n<p>Juni 2025 &#8211; <strong>Infos zu Internet- Vertr\u00e4gen und Laptops wegen der gerade h\u00e4ufigen Nachfragen<\/strong><\/p>\n\n\n\n<p><em>Wichtige Nachricht an meine Kunden: Bitte NIE eigenst\u00e4ndig neue Vertr\u00e4ge mit Internet- Providern abschliessen! Oft kommt dann neue Hardware, die sich nicht mit evtl. vorhandenen Fritzboxen und Fritz-Telefonen vertr\u00e4gt!<\/em><br><em>Bitte auch nicht eigenst\u00e4ndig Laptops in M.- M\u00e4rkten kaufen, diese haben oft zu wenig Speicherplatz und leistungsschw\u00e4chere Festplattensysteme, zudem lassen sich hier vielfach 200 &#8211; 300 Euro sparen!<\/em><\/p>\n\n\n\n<p><strong>*** Jetzt gemeinsam die Einrichtung von e-Rechnung vorbereiten ! ***<\/strong><\/p>\n\n\n\n<p><\/p>\n\n\n\n<p id=\"block-d59c46ae-0e4e-4db5-abf0-7feb8c14c18b\">Oktober 2024<em> &#8211; <strong>Was enth\u00e4lt das seit Mitte Oktober 2024 verf\u00fcgbare Windows- Update 24H2?<\/strong><\/em><\/p>\n\n\n\n<p class=\"has-small-font-size\" id=\"block-416f7534-9eeb-4867-8deb-cc22ca22b3c6\">KI- basierter &#8222;Copilot&#8220;, <\/p>\n\n\n\n<p class=\"has-small-font-size\" id=\"block-416f7534-9eeb-4867-8deb-cc22ca22b3c6\">Wifi7 (im Vgl. zum \u00fcblichen Wifi5 14x schnelleres WLAN), Endger\u00e4te noch selten<\/p>\n\n\n\n<p class=\"has-small-font-size\" id=\"block-416f7534-9eeb-4867-8deb-cc22ca22b3c6\">USB 4 (viel schnellere USB- Schnittstelle), <\/p>\n\n\n\n<p class=\"has-small-font-size\" id=\"block-416f7534-9eeb-4867-8deb-cc22ca22b3c6\">Outlook(new) &#8211; ziemlich schwaches Mail- Programm, <\/p>\n\n\n\n<p class=\"has-small-font-size\" id=\"block-416f7534-9eeb-4867-8deb-cc22ca22b3c6\">Smartphone als WebCam, <\/p>\n\n\n\n<p class=\"has-small-font-size\" id=\"block-416f7534-9eeb-4867-8deb-cc22ca22b3c6\">Paintbrush KI namens ImageCreator: &#8222;Erstelle ein \u00d6lgem\u00e4lde mit ein gelben Haus im Wald und einem roten Auto&#8220;.<br><br>Live-\u00dcbersetzung, etwa bei Youtube- Videos.<\/p>\n\n\n\n<p id=\"block-d59c46ae-0e4e-4db5-abf0-7feb8c14c18b\"><br>Oktober 2024<em> &#8211; <strong>Wasserschaden bei Smartphones<\/strong><\/em><\/p>\n\n\n\n<p id=\"block-416f7534-9eeb-4867-8deb-cc22ca22b3c6\">Erstklassiger Beitrag, warum Handyreparatur bei Wasserschaden nicht lohnt: <a href=\"https:\/\/www.youtube.com\/watch?v=JGkxTxRALQo\">https:\/\/www.youtube.com\/watch?v=JGkxTxRALQo<\/a><\/p>\n\n\n\n<p id=\"block-d59c46ae-0e4e-4db5-abf0-7feb8c14c18b\">August 2024<em> &#8211; <strong>Viele Windows-10 PCs doch Win11- f\u00e4hig<\/strong><\/em><\/p>\n\n\n\n<p id=\"block-416f7534-9eeb-4867-8deb-cc22ca22b3c6\">Entgegen der Windows- eigenen Pr\u00fcfung, die anzeigt, der PC sei nicht auf Windows 11 updatef\u00e4hig, ist dies mit einigen Tricks trotzdem ganz legal m\u00f6glich, unter Beibhaltung der gekauften Windows- Lizenz. Hierzu muss auf der Bodenplatte (Mainboard) des PC eine Umstellung gemacht werden (&#8222;im BIOS TPM aktivieren&#8220;), sowie eine spezielle Installationsart (mittels einer ISO- Datei, die ein DVD- Laufwerk simuliert) gew\u00e4hlt werden. Vorher sollte man aber auf jeden Fall eine Datensicherung erstellen.<\/p>\n\n\n\n<p id=\"block-6c017120-72c0-49ea-9b73-d0db2b52984d\"><\/p>\n\n\n\n<p id=\"block-d59c46ae-0e4e-4db5-abf0-7feb8c14c18b\">Juli 2024<em> &#8211; <strong>Umstieg auf Windows 11 planen<\/strong><\/em><\/p>\n\n\n\n<p id=\"block-416f7534-9eeb-4867-8deb-cc22ca22b3c6\">Im Jahre 2025 wird das beliebte Windows 10 eingestellt. Jetzt ist ein guter Zeitpunkt, sich Gedanken um den Umstieg auf Windows 11 zu machen, da momentan die Preise eher moderat sind und noch nicht alle gleichzeitig auf Windows 11 umsteigen wollen. F\u00fcr Arbeitsplatz- PCs ist es sinnvoll, den Umstieg \u00fcber das Wochenende zu planen, damit m\u00f6glichst wenig Arbeitszeit f\u00fcr den Umstieg anf\u00e4llt. Sprechen Sie mich gerne hierzu an.<\/p>\n\n\n\n<p><\/p>\n\n\n\n<p>Februar 2024<em> &#8211; <strong>Aus Google Suche wird &#8222;Gemini&#8220;<\/strong><\/em><\/p>\n\n\n\n<p>Jetzt wird es ernst mit der k\u00fcnstlichen Intelligenz: Die gr\u00f6sste Suchmaschine der Welt Google wird auf &#8222;Google Gemini&#8220; umgestellt. Die Quali\u00e4t der Suchmaschine wird dadurch nach meiner Einsch\u00e4tzung deutlich besser, weil jetzt Fragen beantwortet werden k\u00f6nnen, auf die die klassische Suche bisher keine Antwort hatte, wie: &#8222;Welche grammatische Form hat das italienische Wort &#8222;portarmi&#8220; und wie wird es gebildet?&#8220;, oder: &#8222;Was sind die 20 verbreitetsten Sprachen und was heisst in diesen Sprachen das Wort &#8222;Danke&#8220; &#8222;. <br>Zuk\u00fcnftig sollen auch Bilder auf Wunsch generiert werden, wie &#8222;Erstelle mir eine Grafik mit einem blauen See vor einem gelben Haus&#8220;. Wer es jetzt bereits mit diesem Satz probiert, erh\u00e4lt eine kurze Geschichte mit diesem Inhalt. \ud83d\ude09<br>Wer sich das jetzt schon einmal anschauen will: gemini.google.de aufrufen, sich dort mit seiner Gmail- Adresse \/ Google-Account anmelden und losfragen&#8230;<\/p>\n\n\n\n<p>Januar 2024<em> &#8211; <strong>\u00dcberwachungstechnik<\/strong><\/em><\/p>\n\n\n\n<p>Schon gewusst? Eine sehr brauchbare \u00dcberwachungskamera f\u00e4ngt schon bei 29 Euro an. Hierbei kann das Bild sowohl \u00fcber PC als auch \u00fcber Smartphone oder Tablet betrachtet werden, zudem kann eine preiswerte Speicherkarte mehrere Wochen Aufzeichnung speichern. F\u00fcchse, Rehe und zahlreiche Hasen wurden bereits bei ihren n\u00e4chtlichen Besuchen entdeckt &#8211; es war nicht der Nachbar \ud83d\ude09<\/p>\n\n\n\n<p><\/p>\n\n\n\n<p><em>August 2023 &#8211; <strong>Grundwissen Suchmaschinen<\/strong><\/em><\/p>\n\n\n\n<p>Vorl\u00e4ufer: 1969 ging Compuserve online, urspr\u00fcnglich ein Dienst f\u00fcr &#8222;Schwarze Bretter&#8220; f\u00fcr Versicherungen und Universit\u00e4ten, noch ohne Suchfunktion. 1985 kam AOL, erstmals mit graphischer Oberfl\u00e4che, mit Email-Center und Suchfunktion. AOL war um das Jahr 2000 mit 30 Mio zahlenden Mitgliedern weltweite Nr. 1. Im Jahr 2000 allein in Deutschland 500 Mio Umsatz, jetzt 0 Mio, der Dienst wurde Ende 2023 eingestellt.<\/p>\n\n\n\n<p>Hinzu kamen:<br>Yahoo (USA, 1994),<br>Yandex (RUS u. NL, 1997, zensiert),<br>Google (USA, 1997, weltweit 92%, 3 Mrd. Anfragen t\u00e4glich),<br>Baidu (2000, China, dort 74 % Marktanteil, zensiert),<br>DuckDuckGo (2000, USA, sammelt keine Daten)<br>Bing (2009, von Microsoft,USA)<br><br>Aus deutscher Sicht ist noch <strong>MetaGer<\/strong> interessant, das ist eine <a href=\"https:\/\/de.wikipedia.org\/wiki\/Metasuchmaschine\">Metasuchmaschine<\/a> (eine Suchmaschine, die mehrere andere Suchmaschinen durchsucht) der <a href=\"https:\/\/de.wikipedia.org\/wiki\/Universit%C3%A4t_Hannover\">Universit\u00e4t Hannover<\/a>, sie gibt es seit April 1996.<\/p>\n\n\n<p><em>Juli 2023 &#8211; <strong>Wundersame Computerwelt<br \/><\/strong>Eines der ungew\u00f6hnlichsten Computerprobleme hatte ich ausgerechnet an meinen eigenen PC: Das Internet wurde pl\u00f6tzlich sehr langsam, nur 6.000 anstatt 360.000 Mbit. Ich wollte daher einen Blick in meine Fritzbox werfen. stattdessen blickte ich auf einen franz\u00f6sichen Compal-Router von Vo&#8230;f..<br \/>Es handelt sich hier um einen Fehler in der sogenannten Firmware, also die Software IM Ger\u00e4t selbst:\u00a0 Irgendwie hat mein Provider (&#8222;Internet-Bereitsteller&#8220;) es geschafft, in mein selbst gekauftes und passwortgesch\u00fctztes Ger\u00e4t eine falsche Fremd-Software einzuspielen. Das w\u00e4re so, als h\u00e4tten Sie einen neuen Mercedes, und ihnen w\u00fcrden beim Einstellen etwa von Klima und Fahrwerk ein BMW auf dem Bildschirm angezeigt. Sehr dubios&#8230;<br \/><a href=\"https:\/\/www.frank-kuehn.com\/wp-content\/uploads\/2023\/07\/Stoerung-Kuehn-Vodafone.jpg\"><img loading=\"lazy\" decoding=\"async\" class=\"aligncenter size-medium wp-image-641\" src=\"https:\/\/www.frank-kuehn.com\/wp-content\/uploads\/2023\/07\/Stoerung-Kuehn-Vodafone-300x198.jpg\" alt=\"\" width=\"300\" height=\"198\" srcset=\"https:\/\/www.frank-kuehn.com\/wp-content\/uploads\/2023\/07\/Stoerung-Kuehn-Vodafone-300x198.jpg 300w, https:\/\/www.frank-kuehn.com\/wp-content\/uploads\/2023\/07\/Stoerung-Kuehn-Vodafone-768x507.jpg 768w, https:\/\/www.frank-kuehn.com\/wp-content\/uploads\/2023\/07\/Stoerung-Kuehn-Vodafone.jpg 1010w\" sizes=\"auto, (max-width: 300px) 100vw, 300px\" \/><\/a><br \/><\/em><\/p>\n<p><em>\u00a0<\/em><\/p>\n<p><em>Mai 2023 &#8211; <strong>Das erste Tablet&#8230;<br \/><\/strong>&#8230; ist nicht das ipad aus dem Jahre 2010, sondern bereits 1992 stellte ausgerechnet Microsoft einen Tablet- Prototypen mit einem speziellen Betriebssystem f\u00fcr Stift-Bedienung vor. <br \/>Erst 1993 pr\u00e4sentierte Apple das Newton MessagePad als noch unbeleuchteten Urvater der iPad- Tablets.<br \/>Die Idee ist aber noch viel \u00e4lter: Bereits im ScienceFiction- Film &#8222;Odysee im Weltraum von 1968 sind Tablets zu sehen! <\/em><\/p>\n<p><em>April 2023 &#8211; <strong>Stromkosten Computer und Smartphone: <br \/><\/strong>PC mit Monitor ca. 35 Euro\/ Jahr<br \/>Laptop ca. 10 Euro\/ Jahr<br \/>Handy laden: 2 &#8211; 5 Euro \/Jahr<br \/>zum Vergleich: <br \/>K\u00fchlschrank 20 Euro\/Jahr, TV bei 3 h t\u00e4glich 48 Euro\/ Jahr.<br \/><\/em><\/p>\n<p><em>M\u00e4rz 2023 &#8211; <strong>Firmenkunden: Backup- Systeme \u00fcberpr\u00fcfen<br \/><\/strong>Bitte denken Sie daran, dass nicht nur die oft auf Laufwerk D: liegenden Firmendaten gesichert werden sollten, sondern in regelm\u00e4ssigen Abst\u00e4nden auch die Festplatte C: mit dem Betriebssystem. Die Windows- eigenen &#8222;Systemwiederherstellungszeitpunkte&#8220; reichen hierf\u00fcr nicht aus, weil sie auch auf der Festplatte C: liegen und bei einem Hardwaredefekt mit verloren gehen. Auch gibt es nicht sichtbare Bereiche auf einer Festplatte (Bootpartition, Wiederherstellungspartitionen), die nur mit spezieller Software gesichert werden k\u00f6nnen. Bitte sprechen Sie mich hierzu an!<br \/><\/em><\/p>\n<p><em>Juni 2022 &#8211; <strong>Information: Fritzbox 7490 &#8211; <br \/>Nicht f\u00fcr schnelleres Internet!<br \/><\/strong>Nutzer der rot- grauen Fritzbox 7490 aufgepasst: Dieses Modell laut Hersteller nur f\u00fcr Internet bis 100.000 Mbit geeignet! Das Ger\u00e4t kann sonst \u00fcberhitzen: Ab 70\u00b0C wird das Ger\u00e4t bereits instabil, ich habe bei einzelnen Ger\u00e4ten Temperaturen von \u00fcber 100 \u00b0 C gemessen. Hierbei kann es zu Verschmorungen kommen. Daher besser die Fritzbox pr\u00fcfen und ggf. austauschen.<\/em><\/p>\n<p><em><strong>Empfehlung: Ein Riesen- Mauspad macht die Arbeit leichter<br \/><\/strong>Machen Sie Ihren Schreibtisch zum Mauspad! Man kann die Maus \u00fcberall ansetzen, muss die Position viel seltener korrigieren und der Schreibtisch wirkt aufger\u00e4umter.\u00a0 Und das alles f\u00fcr unter 12 Euro, z.B. von <a href=\"https:\/\/www.amazon.de\/CSL-Tischunterlage-Geschwindigkeit-Gummiunterseite-Oberfl%C3%A4chen-schwarz\/dp\/B07H37NQNQ\/ref=sr_1_4?__mk_de_DE=%C3%85M%C3%85%C5%BD%C3%95%C3%91&amp;crid=KFP4SFSV5P7Y&amp;keywords=xxl%2BMauspad&amp;qid=1641224788&amp;sprefix=xxl%2Bmauspad%2Caps%2C85&amp;sr=8-4&amp;th=1\">Titanwolf<\/a>! Danke an R. Dette f\u00fcr die Idee!<br \/><\/em><\/p>\n<p><em><strong>Die w\u00f6chentliche Diskussion &#8211; <br \/>Apple iPhone 11 Pro oder Samsung M31S?<br \/><a href=\"http:\/\/xn--frank-khn-w9a.com\/wp-content\/uploads\/2020\/10\/iP11M31s.jpg\"><img loading=\"lazy\" decoding=\"async\" src=\"http:\/\/xn--frank-khn-w9a.com\/wp-content\/uploads\/2020\/10\/iP11M31s.jpg\" alt=\"\" width=\"621\" height=\"316\" \/><\/a><br \/><\/strong><\/em><\/p>\n<p><em>Wie Welches Ger\u00e4t ist das Bessere? &#8211; Auch wenn Sie kein Spezialist sind, k\u00f6nnen Sie die Fakten vergleichen. <br \/>\u00dcbrigens: Hersteller der iPhone Displays ist Samsung&#8230;<\/em><\/p>\n<p><a href=\"http:\/\/xn--frank-khn-w9a.com\/wp-content\/uploads\/2020\/10\/Vergleich-iPhone-11-M31S-.pdf\">Hier pdf- Datei herunterladen\/\u00f6ffnen<\/a><\/p>\n<p><em><a href=\"https:\/\/www.giga.de\/smartphones\/iphone-xi\/news\/iphone-displays-apple-kommt-von-samsung-nicht-los\/\">Hier zur Info, dass Samsung die Displays fertigt.<\/a><\/em><\/p>\n\n\n<\/p>\n<p><\/p>\n<p>\n\n\n<\/p>\n\n\n<\/p>\n<p>\n\n\n<\/p>","protected":false},"excerpt":{"rendered":"<p>M\u00e4rz 2026 &#8211; \u00a0Fritzbox 7530\/7590 &#8211; sollte man diese gegen eine neue 7690 tauschen?Die Frage l\u00e4sst sich klar mit ja beantworten: Hier ein paar Eckdaten: WLAN7530 &#8211; 2 Antennen, 866 Mbit7690 &#8211; 8 Antennen, 7200 Mbit LAN (Netzwerk per Kabel)7530 &#8211; 1 Ghz7690 &#8211; 2,5 Ghz Prozessor7530 &#8211; 1x 1 Ghz7690 &#8211; 4x 1,7 GhzRAM &hellip; <a href=\"https:\/\/www.frank-kuehn.com\/?page_id=65\" class=\"more-link\"><span class=\"screen-reader-text\">Aktuelles<\/span> weiterlesen <span class=\"meta-nav\">&rarr;<\/span><\/a><\/p>\n","protected":false},"author":1,"featured_media":0,"parent":0,"menu_order":0,"comment_status":"closed","ping_status":"closed","template":"","meta":{"footnotes":""},"class_list":["post-65","page","type-page","status-publish","hentry"],"_links":{"self":[{"href":"https:\/\/www.frank-kuehn.com\/index.php?rest_route=\/wp\/v2\/pages\/65","targetHints":{"allow":["GET"]}}],"collection":[{"href":"https:\/\/www.frank-kuehn.com\/index.php?rest_route=\/wp\/v2\/pages"}],"about":[{"href":"https:\/\/www.frank-kuehn.com\/index.php?rest_route=\/wp\/v2\/types\/page"}],"author":[{"embeddable":true,"href":"https:\/\/www.frank-kuehn.com\/index.php?rest_route=\/wp\/v2\/users\/1"}],"replies":[{"embeddable":true,"href":"https:\/\/www.frank-kuehn.com\/index.php?rest_route=%2Fwp%2Fv2%2Fcomments&post=65"}],"version-history":[{"count":138,"href":"https:\/\/www.frank-kuehn.com\/index.php?rest_route=\/wp\/v2\/pages\/65\/revisions"}],"predecessor-version":[{"id":788,"href":"https:\/\/www.frank-kuehn.com\/index.php?rest_route=\/wp\/v2\/pages\/65\/revisions\/788"}],"wp:attachment":[{"href":"https:\/\/www.frank-kuehn.com\/index.php?rest_route=%2Fwp%2Fv2%2Fmedia&parent=65"}],"curies":[{"name":"wp","href":"https:\/\/api.w.org\/{rel}","templated":true}]}}