{"id":67,"date":"2015-08-26T12:11:26","date_gmt":"2015-08-26T12:11:26","guid":{"rendered":"http:\/\/xn--frank-khn-w9a.com\/?page_id=67"},"modified":"2026-02-08T18:20:45","modified_gmt":"2026-02-08T18:20:45","slug":"impressum","status":"publish","type":"page","link":"https:\/\/www.frank-kuehn.com\/?page_id=67","title":{"rendered":"Impressum"},"content":{"rendered":"<p><a href=\"https:\/\/www.frank-kuehn.com\/wp-content\/uploads\/2025\/09\/IT-tech3.png\"><img loading=\"lazy\" decoding=\"async\" class=\"aligncenter size-medium wp-image-740\" src=\"https:\/\/www.frank-kuehn.com\/wp-content\/uploads\/2025\/09\/IT-tech3-300x300.png\" alt=\"\" width=\"300\" height=\"300\" srcset=\"https:\/\/www.frank-kuehn.com\/wp-content\/uploads\/2025\/09\/IT-tech3-300x300.png 300w, https:\/\/www.frank-kuehn.com\/wp-content\/uploads\/2025\/09\/IT-tech3-150x150.png 150w, https:\/\/www.frank-kuehn.com\/wp-content\/uploads\/2025\/09\/IT-tech3-768x768.png 768w, https:\/\/www.frank-kuehn.com\/wp-content\/uploads\/2025\/09\/IT-tech3.png 1024w\" sizes=\"auto, (max-width: 300px) 100vw, 300px\" \/><\/a><\/p>\n<p style=\"text-align: center;\">Frank K\u00fchn<br \/>\nIT Service<br \/>\nHainerweg 46<br \/>\n34535 Wettenberg<br \/>\nTel. 0172 &#8211; 674 90 34<br \/>\nEMail: info@frank-kuehn.com<\/p>\n<hr \/>\n<p><strong>Umsatzsteuer-ID:<\/strong> 84 257 306 123<\/p>\n<p><strong>Vertretungsberechtigter<\/strong>: keiner, da Einzelunternehmen<\/p>\n<p><strong>Verantwortlicher im Sinne des Presserechts:<\/strong> keiner, da keine redaktionellen Inhalte auf der Seite dargestellt werden.<strong><br \/>\n<\/strong><br \/>\n<strong>1. Inhalt des Onlineangebotes<\/strong><\/p>\n<p>Der Autor \u00fcbernimmt keinerlei Gew\u00e4hr f\u00fcr die Aktualit\u00e4t, Korrektheit, Vollst\u00e4ndigkeit oder Qualit\u00e4t der bereitgestellten Informationen. Haftungsanspr\u00fcche gegen den Autor, welche sich auf Sch\u00e4den materieller oder ideeller Art beziehen, die durch die Nutzung oder Nichtnutzung der dargebotenen Informationen bzw. durch die Nutzung fehlerhafter und unvollst\u00e4ndiger Informationen verursacht wurden, sind grunds\u00e4tzlich ausgeschlossen, sofern seitens des Autors kein nachweislich vors\u00e4tzliches oder grob fahrl\u00e4ssiges Verschulden vorliegt. Alle Angebote sind freibleibend und unverbindlich. Der Autor beh\u00e4lt es sich ausdr\u00fccklich vor, Teile der Seiten oder das gesamte Angebot ohne gesonderte Ank\u00fcndigung zu ver\u00e4ndern, zu erg\u00e4nzen, zu l\u00f6schen oder die Ver\u00f6ffentlichung zeitweise oder endg\u00fcltig einzustellen.<\/p>\n<p><strong>2. Verweise und Links<\/strong><\/p>\n<p>Bei direkten oder indirekten Verweisen auf fremde Webseiten (&#8222;Hyperlinks&#8220;), die au\u00dferhalb des Verantwortungsbereiches des Autors liegen, w\u00fcrde eine Haftungsverpflichtung ausschlie\u00dflich in dem Fall in Kraft treten, in dem der Autor von den Inhalten Kenntnis hat und es ihm technisch m\u00f6glich und zumutbar w\u00e4re, die Nutzung im Falle rechtswidriger Inhalte zu verhindern. Der Autor erkl\u00e4rt hiermit ausdr\u00fccklich, dass zum Zeitpunkt der Linksetzung keine illegalen Inhalte auf den zu verlinkenden Seiten erkennbar waren. Auf die aktuelle und zuk\u00fcnftige Gestaltung, die Inhalte oder die Urheberschaft der verlinkten\/verkn\u00fcpften Seiten hat der Autor keinerlei Einfluss. Deshalb distanziert er sich hiermit ausdr\u00fccklich von allen Inhalten aller verlinkten \/verkn\u00fcpften Seiten, die nach der Linksetzung ver\u00e4ndert wurden. Diese Feststellung gilt f\u00fcr alle innerhalb des eigenen Internetangebotes gesetzten Links und Verweise sowie f\u00fcr Fremdeintr\u00e4ge in vom Autor eingerichteten G\u00e4steb\u00fcchern, Diskussionsforen, Linkverzeichnissen, Mailinglisten und in allen anderen Formen von Datenbanken, auf deren Inhalt externe Schreibzugriffe m\u00f6glich sind. F\u00fcr illegale, fehlerhafte oder unvollst\u00e4ndige Inhalte und insbesondere f\u00fcr Sch\u00e4den, die aus der Nutzung oder Nichtnutzung solcherart dargebotener Informationen entstehen, haftet allein der Anbieter der Seite, auf welche verwiesen wurde, nicht derjenige, der \u00fcber Links auf die jeweilige Ver\u00f6ffentlichung lediglich verweist.<\/p>\n<p><strong>3. Urheber- und Kennzeichenrecht<\/strong><\/p>\n<p>Der Autor ist bestrebt, in allen Publikationen die Urheberrechte der verwendeten Bilder, Grafiken, Tondokumente, Videosequenzen und Texte zu beachten, von ihm selbst erstellte Bilder, Grafiken, Tondokumente, Videosequenzen und Texte zu nutzen oder auf lizenzfreie Grafiken, Tondokumente, Videosequenzen und Texte zur\u00fcckzugreifen. Alle innerhalb des Internetangebotes genannten und ggf. durch Dritte gesch\u00fctzten Marken- und Warenzeichen unterliegen uneingeschr\u00e4nkt den Bestimmungen des jeweils g\u00fcltigen Kennzeichenrechts und den Besitzrechten der jeweiligen eingetragenen Eigent\u00fcmer. Allein aufgrund der blo\u00dfen Nennung ist nicht der Schluss zu ziehen, dass Markenzeichen nicht durch Rechte Dritter gesch\u00fctzt sind! Das Copyright f\u00fcr ver\u00f6ffentlichte, vom Autor selbst erstellte Objekte bleibt allein beim Autor der Seiten. Eine Vervielf\u00e4ltigung oder Verwendung solcher Grafiken, Tondokumente, Videosequenzen und Texte in anderen elektronischen oder gedruckten Publikationen ist ohne ausdr\u00fcckliche Zustimmung des Autors nicht gestattet.<\/p>\n<p><strong>4. Datenschutz<\/strong><\/p>\n<p>Sofern innerhalb des Internetangebotes die M\u00f6glichkeit zur Eingabe pers\u00f6nlicher oder gesch\u00e4ftlicher Daten (Emailadressen, Namen, Anschriften) besteht, so erfolgt die Preisgabe dieser Daten seitens des Nutzers auf ausdr\u00fccklich freiwilliger Basis. Die Inanspruchnahme und Bezahlung aller angebotenen Dienste ist &#8211; soweit technisch m\u00f6glich und zumutbar &#8211; auch ohne Angabe solcher Daten bzw. unter Angabe anonymisierter Daten oder eines Pseudonyms gestattet. Die Nutzung der im Rahmen des Impressums oder vergleichbarer Angaben ver\u00f6ffentlichten Kontaktdaten wie Postanschriften, Telefon- und Faxnummern sowie Emailadressen durch Dritte zur \u00dcbersendung von nicht ausdr\u00fccklich angeforderten Informationen ist nicht gestattet. Rechtliche Schritte gegen die Versender von sogenannten Spam-Mails bei Verst\u00f6ssen gegen dieses Verbot sind ausdr\u00fccklich vorbehalten.<\/p>\n<p><strong>4.1\u00a0 Datenschutzerkl\u00e4rung<\/strong><\/p>\n<p>Sie erhalten als Nutzer unserer Internetseite in dieser Datenschutzerkl\u00e4rung alle notwendigen Informationen dar\u00fcber, wie, in welchem Umfang sowie zu welchem Zweck wir oder Drittanbieter Daten von Ihnen erheben und diese verwenden. Die Erhebung und Nutzung Ihrer Daten erfolgt streng nach den Vorgaben des Bundesdatenschutzgesetzes (BDSG) und des Telemediengesetzes (TMG). Wir f\u00fchlen uns der Vertraulichkeit Ihrer personenbezogenen Daten besonders verpflichtet und arbeiten deshalb streng innerhalb der Grenzen, die die gesetzlichen Vorgaben uns setzen. Die Erhebung dieser personenbezogenen Daten erfolgt auf freiwilliger Basis, wenn uns das m\u00f6glich ist. Auch geben wir diese Daten nur mit Ihrer ausdr\u00fccklichen Zustimmung an Dritte weiter. Wir sorgen bei besonders vertraulichen Daten wie im Zahlungsverkehr oder im Hinblick auf Ihre Anfragen an uns durch Einsatz einer SSL-Verschl\u00fcsselung f\u00fcr hohe Sicherheit. Wir m\u00f6chten es aber an dieser Stelle nicht vers\u00e4umen, auf die allgemeinen Gefahren der Internetnutzung hinzuweisen, auf die wir keinen Einfluss haben. Besonders im E-Mail-Verkehr sind Ihre Daten ohne weitere Vorkehrungen nicht sicher und k\u00f6nnen unter Umst\u00e4nden von Dritten (etwa Provider) erfasst werden.<\/p>\n<p><strong>4.2\u00a0 Auskunft, L\u00f6schung, Sperrung<\/strong><\/p>\n<p>Sie erhalten jederzeit unentgeltlich Auskunft \u00fcber die von uns gespeicherten personenbezogenen Daten zu Ihrer Person sowie zur Herkunft, dem Empf\u00e4nger und dem Zweck von Datenerhebung sowie Datenverarbeitung. Au\u00dferdem haben Sie das Recht, die Berichtigung, die Sperrung oder L\u00f6schung Ihrer Daten zu verlangen. Ausgenommen davon sind Daten, die aufgrund gesetzlicher Vorschriften aufbewahrt oder zur ordnungsgem\u00e4\u00dfen Gesch\u00e4ftsabwicklung ben\u00f6tigt werden. Damit eine Datensperre jederzeit realisiert werden kann, werden Daten zu Kontrollzwecken in einer Sperrdatei vorgehalten. Werden Daten nicht von einer gesetzlichen Archivierungspflicht erfasst, l\u00f6schen wir Ihre Daten auf Ihren Wunsch. Greift die Archivierungspflicht, sperren wir Ihre Daten. F\u00fcr alle Fragen und Anliegen zur Berichtigung, Sperrung oder L\u00f6schung von personenbezogenen Daten wenden Sie sich bitte an unseren Datenschutzbeauftragten unter den Kontaktdaten in dieser Datenschutzerkl\u00e4rung bzw. an die im Impressum genannte Adresse.<\/p>\n<p><strong>\u00a04.3\u00a0 <\/strong><strong>Cookies<\/strong><\/p>\n<p>Wir verwenden auf unserer Webseite Cookies. Diese kleinen Textdateien werden von unserem Server aus auf Ihrem PC gespeichert. Sie unterst\u00fctzen die Darstellung unserer Webseite und helfen Ihnen, sich auf unserer Webseite zu bewegen. Cookies erfassen Daten zu Ihrer IP-Adresse, zu Ihrem Browser, Ihrem Betriebssystem und Ihrer Internetverbindung. Diese Informationen verbinden wir nicht mit personenbezogenen Daten und geben sie nicht an Dritte weiter. Keinesfalls werden Cookies von uns dazu benutzt, Schad- oder Spionageprogramme auf Ihren Rechner zu bringen. Sie k\u00f6nnen unsere Webseite auch ohne den Einsatz von Cookies nutzen, wodurch m\u00f6glicherweise einige Darstellungen und Funktionen unseres Angebots nur eingeschr\u00e4nkt arbeiten. Wenn Sie die Cookies deaktivieren m\u00f6chten, k\u00f6nnen Sie das \u00fcber spezielle Einstellungen Ihres Browsers erreichen. Nutzen Sie bitte dessen Hilfsfunktion, um die entsprechenden \u00c4nderungen vornehmen zu k\u00f6nnen. Online-Anzeigen-Cookies k\u00f6nnen Sie \u00fcber folgende Links verwalten: http:\/\/www.aboutads.info\/choices f\u00fcr die USA http:\/\/www.youronlinechoices.com\/uk\/your-ad-choices f\u00fcr Europa<\/p>\n<p><strong>\u00a04.4<\/strong><strong>\u00a0 Erhebung von Zugriffsdaten<\/strong><\/p>\n<p>Die Auslieferung und Darstellung der Inhalte \u00fcber unsere Webseite erfordert technisch die Erfassung bestimmter Daten. Mit Ihrem Zugriff auf unsere Webseite werden diese sogenannten Server-Logfiles durch uns oder den Provider des Webspace erfasst. Diese Logfiles erlauben keinen R\u00fcckschluss auf Sie und Ihre Person. Die entsprechenden Informationen bestehen aus dem Namen der Webseite, der Datei, dem aktuellen Datum, der Datenmenge, dem Webrowser und seiner Version, dem eingesetzten Betriebssystem, dem Domain-Namen Ihres Internet-Providers, der Referrer-URL als jene Seite, von der Sie auf unsere Seite gewechselt sind, sowie der entsprechenden IP-Adresse. Wir nutzen diese Daten zur Darstellung und Auslieferung unserer Inhalte sowie zu statistischen Zwecken. Die Informationen unterst\u00fctzen die Bereitstellung und st\u00e4ndige Verbesserung unseres Angebots. Auch behalten wir uns vor, die erw\u00e4hnten Daten nachtr\u00e4glich zu pr\u00fcfen, sollte der Verdacht auf eine rechtswidrige Nutzung unseres Angebotes bestehen.<\/p>\n<p><strong>4.5\u00a0\u00a0 Personenbezogene Daten<\/strong><\/p>\n<p>Personenbezogene Daten erheben wir im Rahmen von Datenvermeidung und Datensparsamkeit nur in dem Ausma\u00df und so lange, wie es zur Nutzung unserer Webseite notwendig ist, beziehungsweise vom Gesetzgeber vorgeschrieben wird. Wir nehmen den Schutz Ihrer pers\u00f6nlichen Daten ernst und halten uns bei Erhebung und Verarbeitung personenbezogener Daten streng an die entsprechenden gesetzlichen Vorschriften und an diese Datenschutzerkl\u00e4rung. F\u00e4llt der Zweck der Datenerhebung weg oder ist das Ende der gesetzlichen Speicherfrist erreicht, werden die erhobenen Daten gesperrt oder gel\u00f6scht. Regelm\u00e4\u00dfig kann unsere Webseite ohne die Weitergabe pers\u00f6nlicher Daten genutzt werden. Wenn wir personenbezogene Daten erheben &#8211; etwa Ihren Namen, Ihre Anschrift oder Ihre E-Mail-Adresse &#8211; erfolgt diese Datenerhebung freiwillig. Ohne eine ausdr\u00fccklich erteilte Zustimmung von Ihrer Seite werden diese Daten Dritten nicht zur Kenntnis gebracht. Beachten Sie bitte, dass Daten im Internet allgemein nicht immer sicher \u00fcbertragen werden. Besonders im E-Mail-Verkehr kann der Schutz beim Datenaustausch nicht garantiert werden.<\/p>\n<p><strong>4.6 Google Adsense<\/strong><br \/>\nDiese Website benutzt NICHT Google Adsense, einen Webanzeigendienst der Google Inc., USA (\u201cGoogle\u201d).\u00a0 Das Speichern von Cookies auf Ihrer Festplatte und die Anzeige von Web Beacons k\u00f6nnen Sie verhindern, indem Sie in Ihren Browser-Einstellungen \u201ckeine Cookies akzeptieren\u201d w\u00e4hlen (Im MS Internet-Explorer unter \u201cExtras &gt; Internetoptionen &gt; Datenschutz &gt; Einstellung\u201d; im Firefox unter \u201cExtras &gt; Einstellungen &gt; Datenschutz &gt; Cookies\u201d); wir weisen Sie jedoch darauf hin, dass Sie in diesem Fall gegebenenfalls nicht s\u00e4mtliche Funktionen dieser Website voll umf\u00e4nglich nutzen k\u00f6nnen. Durch die Nutzung dieser Website erkl\u00e4ren Sie sich mit der Bearbeitung der \u00fcber Sie erhobenen Daten durch Google in der zuvor beschriebenen Art und Weise und zu dem zuvor benannten Zweck einverstanden.<\/p>\n<p><strong>4.7 Google Analytics<\/strong><br \/>\nDiese Website benutzt NICHT Google Analytics, einen Webanalysedienst der Google Inc. (\u201cGoogle\u201d). Google Analytics verwendet sog. \u201cCookies\u201d, Textdateien, die auf Ihrem Computer gespeichert werden und die eine Analyse der Benutzung der Website durch Sie erm\u00f6glicht. Die durch den Cookie erzeugten Informationen \u00fcber Ihre Benutzung diese Website (einschlie\u00dflich Ihrer IP-Adresse) wird an einen Server von Google in den USA \u00fcbertragen und dort gespeichert. Google wird diese Informationen benutzen, um Ihre Nutzung der Website auszuwerten, um Reports \u00fcber die Websiteaktivit\u00e4ten f\u00fcr die Websitebetreiber zusammenzustellen und um weitere mit der Websitenutzung und der Internetnutzung verbundene Dienstleistungen zu erbringen. Auch wird Google diese Informationen gegebenenfalls an Dritte \u00fcbertragen, sofern dies gesetzlich vorgeschrieben oder soweit Dritte diese Daten im Auftrag von Google verarbeiten. Google wird in keinem Fall Ihre IP-Adresse mit anderen Daten der Google in Verbindung bringen. Sie k\u00f6nnen die Installation der Cookies durch eine entsprechende Einstellung Ihrer Browser Software verhindern; wir weisen Sie jedoch darauf hin, dass Sie in diesem Fall gegebenenfalls nicht s\u00e4mtliche Funktionen dieser Website voll umf\u00e4nglich nutzen k\u00f6nnen. Durch die Nutzung dieser Website erkl\u00e4ren Sie sich mit der Bearbeitung der \u00fcber Sie erhobenen Daten durch Google in der zuvor beschriebenen Art und Weise und zu dem zuvor benannten Zweck einverstanden.<\/p>\n<p><strong>4.8 Facebook<\/strong><br \/>\nDiese Webseite nutzt keinerlei Plugins des Anbieters Facebook.com, welche durch das Unternehmen Facebook Inc., 1601 S. California Avenue, Palo Alto, CA 94304 in den USA bereitgestellt werden. Weitere Information bez\u00fcglich der Datennutzung durch Facebook entnehmen Sie bitte den datenschutzrechtlichen Bestimmungen auf Facebook.<\/p>\n<p><strong>5. Rechtswirksamkeit dieses Haftungsausschlusses<\/strong><\/p>\n<p>Dieser Haftungsausschluss ist als Teil des Internetangebotes zu betrachten, von dem aus auf diese Seite verwiesen wurde. Sofern Teile oder einzelne Formulierungen dieses Textes der geltenden Rechtslage nicht, nicht mehr oder nicht vollst\u00e4ndig entsprechen sollten, bleiben die \u00fcbrigen Teile des Dokumentes in ihrem Inhalt und ihrer G\u00fcltigkeit davon unber\u00fchrt.<\/p>\n<p><strong>AGB<\/strong><br \/>\nEs besteht keine gesetzliche Verpflichtung zum Vorhalten von AGB. Es gibt kein Handel mit Internetangeboten an Firmen oder Privatpersonen.<\/p>\n<p>Widerrufsbelehrung<br \/>\nEine Widerrufsbelehrung ist nicht notwendig f\u00fcr Internetseiten, auf denen kein Handel getrieben wird.<\/p>\n<p><strong>Internetauftritt erstellt durch: <a href=\"_wp_link_placeholder\" data-wplink-edit=\"true\">Frank K\u00fchn IT Service<\/a><\/strong><\/p>\n","protected":false},"excerpt":{"rendered":"<p>Frank K\u00fchn IT Service Hainerweg 46 34535 Wettenberg Tel. 0172 &#8211; 674 90 34 EMail: info@frank-kuehn.com Umsatzsteuer-ID: 84 257 306 123 Vertretungsberechtigter: keiner, da Einzelunternehmen Verantwortlicher im Sinne des Presserechts: keiner, da keine redaktionellen Inhalte auf der Seite dargestellt werden. 1. Inhalt des Onlineangebotes Der Autor \u00fcbernimmt keinerlei Gew\u00e4hr f\u00fcr die Aktualit\u00e4t, Korrektheit, Vollst\u00e4ndigkeit oder &hellip; <a href=\"https:\/\/www.frank-kuehn.com\/?page_id=67\" class=\"more-link\"><span class=\"screen-reader-text\">Impressum<\/span> weiterlesen <span class=\"meta-nav\">&rarr;<\/span><\/a><\/p>\n","protected":false},"author":1,"featured_media":0,"parent":0,"menu_order":0,"comment_status":"closed","ping_status":"closed","template":"","meta":{"footnotes":""},"class_list":["post-67","page","type-page","status-publish","hentry"],"_links":{"self":[{"href":"https:\/\/www.frank-kuehn.com\/index.php?rest_route=\/wp\/v2\/pages\/67","targetHints":{"allow":["GET"]}}],"collection":[{"href":"https:\/\/www.frank-kuehn.com\/index.php?rest_route=\/wp\/v2\/pages"}],"about":[{"href":"https:\/\/www.frank-kuehn.com\/index.php?rest_route=\/wp\/v2\/types\/page"}],"author":[{"embeddable":true,"href":"https:\/\/www.frank-kuehn.com\/index.php?rest_route=\/wp\/v2\/users\/1"}],"replies":[{"embeddable":true,"href":"https:\/\/www.frank-kuehn.com\/index.php?rest_route=%2Fwp%2Fv2%2Fcomments&post=67"}],"version-history":[{"count":11,"href":"https:\/\/www.frank-kuehn.com\/index.php?rest_route=\/wp\/v2\/pages\/67\/revisions"}],"predecessor-version":[{"id":786,"href":"https:\/\/www.frank-kuehn.com\/index.php?rest_route=\/wp\/v2\/pages\/67\/revisions\/786"}],"wp:attachment":[{"href":"https:\/\/www.frank-kuehn.com\/index.php?rest_route=%2Fwp%2Fv2%2Fmedia&parent=67"}],"curies":[{"name":"wp","href":"https:\/\/api.w.org\/{rel}","templated":true}]}}