{"id":69,"date":"2015-08-26T12:13:04","date_gmt":"2015-08-26T12:13:04","guid":{"rendered":"http:\/\/xn--frank-khn-w9a.com\/?page_id=69"},"modified":"2020-11-10T20:53:01","modified_gmt":"2020-11-10T20:53:01","slug":"kunden-aus-verschiedenen-bereichen","status":"publish","type":"page","link":"https:\/\/www.frank-kuehn.com\/?page_id=69","title":{"rendered":"Kunden aus verschiedenen Bereichen"},"content":{"rendered":"<p>Meine Arbeitspektum ist recht breit gef\u00e4chert. Fahrzeughandel, Tankstellen, Kircheneinrichtungen, gemeinn\u00fctzige Organisationen, Firmen f\u00fcr Messebau geh\u00f6ren ebenso zu meinen Kunden wie Strassenbauer, Architekten, Firmen f\u00fcr Innenausbau. Auch Privatleute k\u00f6nnen auf meine kompetente Hilfe z\u00e4hlen.<\/p>\n","protected":false},"excerpt":{"rendered":"<p>Meine Arbeitspektum ist recht breit gef\u00e4chert. Fahrzeughandel, Tankstellen, Kircheneinrichtungen, gemeinn\u00fctzige Organisationen, Firmen f\u00fcr Messebau geh\u00f6ren ebenso zu meinen Kunden wie Strassenbauer, Architekten, Firmen f\u00fcr Innenausbau. Auch Privatleute k\u00f6nnen auf meine kompetente Hilfe z\u00e4hlen.<\/p>\n","protected":false},"author":1,"featured_media":114,"parent":94,"menu_order":0,"comment_status":"closed","ping_status":"closed","template":"page-templates\/full-width.php","meta":{"footnotes":""},"class_list":["post-69","page","type-page","status-publish","has-post-thumbnail","hentry"],"_links":{"self":[{"href":"https:\/\/www.frank-kuehn.com\/index.php?rest_route=\/wp\/v2\/pages\/69","targetHints":{"allow":["GET"]}}],"collection":[{"href":"https:\/\/www.frank-kuehn.com\/index.php?rest_route=\/wp\/v2\/pages"}],"about":[{"href":"https:\/\/www.frank-kuehn.com\/index.php?rest_route=\/wp\/v2\/types\/page"}],"author":[{"embeddable":true,"href":"https:\/\/www.frank-kuehn.com\/index.php?rest_route=\/wp\/v2\/users\/1"}],"replies":[{"embeddable":true,"href":"https:\/\/www.frank-kuehn.com\/index.php?rest_route=%2Fwp%2Fv2%2Fcomments&post=69"}],"version-history":[{"count":16,"href":"https:\/\/www.frank-kuehn.com\/index.php?rest_route=\/wp\/v2\/pages\/69\/revisions"}],"predecessor-version":[{"id":368,"href":"https:\/\/www.frank-kuehn.com\/index.php?rest_route=\/wp\/v2\/pages\/69\/revisions\/368"}],"up":[{"embeddable":true,"href":"https:\/\/www.frank-kuehn.com\/index.php?rest_route=\/wp\/v2\/pages\/94"}],"wp:featuredmedia":[{"embeddable":true,"href":"https:\/\/www.frank-kuehn.com\/index.php?rest_route=\/wp\/v2\/media\/114"}],"wp:attachment":[{"href":"https:\/\/www.frank-kuehn.com\/index.php?rest_route=%2Fwp%2Fv2%2Fmedia&parent=69"}],"curies":[{"name":"wp","href":"https:\/\/api.w.org\/{rel}","templated":true}]}}