{"id":72,"date":"2015-08-26T12:14:08","date_gmt":"2015-08-26T12:14:08","guid":{"rendered":"http:\/\/xn--frank-khn-w9a.com\/?page_id=72"},"modified":"2020-12-07T14:49:10","modified_gmt":"2020-12-07T14:49:10","slug":"aerzte","status":"publish","type":"page","link":"https:\/\/www.frank-kuehn.com\/?page_id=72","title":{"rendered":"\u00c4rzte \/ Therapeuten"},"content":{"rendered":"<p>Ich betreue sowohl allgemeinmedizinische Arztpraxen, wie auch Praxen von Zahn\u00e4rzten und die von Tier\u00e4rzten.\u00a0 Praxen von Psychotherapeuten geh\u00f6ren ebenfalls zu meinen Kunden, wie auch die von Heilpraktikern und Physiotherapeuten.<\/p>\n<p>Durch meine langj\u00e4hrige T\u00e4tigkeit f\u00fcr meine Kunden l\u00f6se ich zum Beispiel auch Probleme mit Dampsoft, Z1, Visident, Vetmed, Elefant, TheOrg und anderen \u00e4rztlichen und therapeutischen Software- Programmen, und kenne auch viele Mitarbeiter deren Hotlines durch langj\u00e4hrige Zusammenarbeit, was vieles erleichtert.<br \/>Mein Kundengebiet erstreckt sich etwa von Limburg bis Marburg und von Dillenburg bis Butzbach, es gibt aber auch Kunden in Frankfurt, K\u00fchlungsborn und Berlin.<\/p>\n\n\n<p><\/p>\n","protected":false},"excerpt":{"rendered":"<p>Ich betreue sowohl allgemeinmedizinische Arztpraxen, wie auch Praxen von Zahn\u00e4rzten und die von Tier\u00e4rzten.\u00a0 Praxen von Psychotherapeuten geh\u00f6ren ebenfalls zu meinen Kunden, wie auch die von Heilpraktikern und Physiotherapeuten. Durch meine langj\u00e4hrige T\u00e4tigkeit f\u00fcr meine Kunden l\u00f6se ich zum Beispiel auch Probleme mit Dampsoft, Z1, Visident, Vetmed, Elefant, TheOrg und anderen \u00e4rztlichen und therapeutischen Software- &hellip; <a href=\"https:\/\/www.frank-kuehn.com\/?page_id=72\" class=\"more-link\"><span class=\"screen-reader-text\">\u00c4rzte \/ Therapeuten<\/span> weiterlesen <span class=\"meta-nav\">&rarr;<\/span><\/a><\/p>\n","protected":false},"author":1,"featured_media":120,"parent":94,"menu_order":0,"comment_status":"closed","ping_status":"closed","template":"page-templates\/full-width.php","meta":{"footnotes":""},"class_list":["post-72","page","type-page","status-publish","has-post-thumbnail","hentry"],"_links":{"self":[{"href":"https:\/\/www.frank-kuehn.com\/index.php?rest_route=\/wp\/v2\/pages\/72","targetHints":{"allow":["GET"]}}],"collection":[{"href":"https:\/\/www.frank-kuehn.com\/index.php?rest_route=\/wp\/v2\/pages"}],"about":[{"href":"https:\/\/www.frank-kuehn.com\/index.php?rest_route=\/wp\/v2\/types\/page"}],"author":[{"embeddable":true,"href":"https:\/\/www.frank-kuehn.com\/index.php?rest_route=\/wp\/v2\/users\/1"}],"replies":[{"embeddable":true,"href":"https:\/\/www.frank-kuehn.com\/index.php?rest_route=%2Fwp%2Fv2%2Fcomments&post=72"}],"version-history":[{"count":10,"href":"https:\/\/www.frank-kuehn.com\/index.php?rest_route=\/wp\/v2\/pages\/72\/revisions"}],"predecessor-version":[{"id":403,"href":"https:\/\/www.frank-kuehn.com\/index.php?rest_route=\/wp\/v2\/pages\/72\/revisions\/403"}],"up":[{"embeddable":true,"href":"https:\/\/www.frank-kuehn.com\/index.php?rest_route=\/wp\/v2\/pages\/94"}],"wp:featuredmedia":[{"embeddable":true,"href":"https:\/\/www.frank-kuehn.com\/index.php?rest_route=\/wp\/v2\/media\/120"}],"wp:attachment":[{"href":"https:\/\/www.frank-kuehn.com\/index.php?rest_route=%2Fwp%2Fv2%2Fmedia&parent=72"}],"curies":[{"name":"wp","href":"https:\/\/api.w.org\/{rel}","templated":true}]}}