{"id":75,"date":"2015-08-26T12:15:11","date_gmt":"2015-08-26T12:15:11","guid":{"rendered":"http:\/\/xn--frank-khn-w9a.com\/?page_id=75"},"modified":"2015-08-27T22:26:32","modified_gmt":"2015-08-27T22:26:32","slug":"hitliste-der-pc-probleme","status":"publish","type":"page","link":"https:\/\/www.frank-kuehn.com\/?page_id=75","title":{"rendered":"Hitliste der PC Probleme"},"content":{"rendered":"<p>Hier meine aktuelle Hitliste der Computerprobleme, geordnet nach der H\u00e4ufigkeit des Auftretens:<\/p>\n<p>1 &#8211; Viren ( Zugriffseinschr\u00e4nkungen und Anomalien sowie Daten aussp\u00e4hen)<br \/>\n2 &#8211; Probleme mit der Internetanbindung, incl. WLAN<br \/>\n3 &#8211; Festplattendefekte \/ Datenrettung<br \/>\n4 &#8211; Installationsprobleme und Treiber<br \/>\n5 &#8211; Probleme Smartphoneanbindung<br \/>\n6 &#8211; Netzwerkprobleme<br \/>\n7 &#8211; Installationsprobleme Anwendungssoftware und Updates<br \/>\n8 &#8211; Anwendungsprobleme ( &#8222;Wie mache ich das?&#8220;)<\/p>\n","protected":false},"excerpt":{"rendered":"<p>Hier meine aktuelle Hitliste der Computerprobleme, geordnet nach der H\u00e4ufigkeit des Auftretens: 1 &#8211; Viren ( Zugriffseinschr\u00e4nkungen und Anomalien sowie Daten aussp\u00e4hen) 2 &#8211; Probleme mit der Internetanbindung, incl. WLAN 3 &#8211; Festplattendefekte \/ Datenrettung 4 &#8211; Installationsprobleme und Treiber 5 &#8211; Probleme Smartphoneanbindung 6 &#8211; Netzwerkprobleme 7 &#8211; Installationsprobleme Anwendungssoftware und Updates 8 &#8211; &hellip; <a href=\"https:\/\/www.frank-kuehn.com\/?page_id=75\" class=\"more-link\"><span class=\"screen-reader-text\">Hitliste der PC Probleme<\/span> weiterlesen <span class=\"meta-nav\">&rarr;<\/span><\/a><\/p>\n","protected":false},"author":1,"featured_media":118,"parent":0,"menu_order":0,"comment_status":"closed","ping_status":"closed","template":"","meta":{"footnotes":""},"class_list":["post-75","page","type-page","status-publish","has-post-thumbnail","hentry"],"_links":{"self":[{"href":"https:\/\/www.frank-kuehn.com\/index.php?rest_route=\/wp\/v2\/pages\/75","targetHints":{"allow":["GET"]}}],"collection":[{"href":"https:\/\/www.frank-kuehn.com\/index.php?rest_route=\/wp\/v2\/pages"}],"about":[{"href":"https:\/\/www.frank-kuehn.com\/index.php?rest_route=\/wp\/v2\/types\/page"}],"author":[{"embeddable":true,"href":"https:\/\/www.frank-kuehn.com\/index.php?rest_route=\/wp\/v2\/users\/1"}],"replies":[{"embeddable":true,"href":"https:\/\/www.frank-kuehn.com\/index.php?rest_route=%2Fwp%2Fv2%2Fcomments&post=75"}],"version-history":[{"count":1,"href":"https:\/\/www.frank-kuehn.com\/index.php?rest_route=\/wp\/v2\/pages\/75\/revisions"}],"predecessor-version":[{"id":76,"href":"https:\/\/www.frank-kuehn.com\/index.php?rest_route=\/wp\/v2\/pages\/75\/revisions\/76"}],"wp:featuredmedia":[{"embeddable":true,"href":"https:\/\/www.frank-kuehn.com\/index.php?rest_route=\/wp\/v2\/media\/118"}],"wp:attachment":[{"href":"https:\/\/www.frank-kuehn.com\/index.php?rest_route=%2Fwp%2Fv2%2Fmedia&parent=75"}],"curies":[{"name":"wp","href":"https:\/\/api.w.org\/{rel}","templated":true}]}}