{"id":94,"date":"2015-08-26T12:46:29","date_gmt":"2015-08-26T12:46:29","guid":{"rendered":"http:\/\/xn--frank-khn-w9a.com\/?page_id=94"},"modified":"2022-07-12T09:11:54","modified_gmt":"2022-07-12T09:11:54","slug":"referenzen","status":"publish","type":"page","link":"https:\/\/www.frank-kuehn.com\/?page_id=94","title":{"rendered":"Referenzen"},"content":{"rendered":"<p>Meine Kunden kommen aus verschiedenen Bereichen. Neben \u00c4rzten, Anw\u00e4lten und Steuerb\u00fcros z\u00e4hlen auch Privatpersonen, kleine Handwerksbetriebe und gr\u00f6ssere Firmen und zu meinen Kunden.<\/p>\n<p>Malerbetriebe, LKW- und Auto-H\u00e4ndler, Tankstellen sind ebenso vertreten wie Steuer- und Anwaltskanzleien.<\/p>\n<p>Per Fernzugriff k\u00fcmmere ich mich auch um Kunden, die weiter entfernt ans\u00e4ssig sind, wie etwa in Frankfurt, Berlin, Oberammergau und K\u00fchlungsborn.<\/p>\n","protected":false},"excerpt":{"rendered":"<p>Meine Kunden kommen aus verschiedenen Bereichen. Neben \u00c4rzten, Anw\u00e4lten und Steuerb\u00fcros z\u00e4hlen auch Privatpersonen, kleine Handwerksbetriebe und gr\u00f6ssere Firmen und zu meinen Kunden. Malerbetriebe, LKW- und Auto-H\u00e4ndler, Tankstellen sind ebenso vertreten wie Steuer- und Anwaltskanzleien. Per Fernzugriff k\u00fcmmere ich mich auch um Kunden, die weiter entfernt ans\u00e4ssig sind, wie etwa in Frankfurt, Berlin, Oberammergau und &hellip; <a href=\"https:\/\/www.frank-kuehn.com\/?page_id=94\" class=\"more-link\"><span class=\"screen-reader-text\">Referenzen<\/span> weiterlesen <span class=\"meta-nav\">&rarr;<\/span><\/a><\/p>\n","protected":false},"author":1,"featured_media":112,"parent":0,"menu_order":0,"comment_status":"closed","ping_status":"closed","template":"","meta":{"footnotes":""},"class_list":["post-94","page","type-page","status-publish","has-post-thumbnail","hentry"],"_links":{"self":[{"href":"https:\/\/www.frank-kuehn.com\/index.php?rest_route=\/wp\/v2\/pages\/94","targetHints":{"allow":["GET"]}}],"collection":[{"href":"https:\/\/www.frank-kuehn.com\/index.php?rest_route=\/wp\/v2\/pages"}],"about":[{"href":"https:\/\/www.frank-kuehn.com\/index.php?rest_route=\/wp\/v2\/types\/page"}],"author":[{"embeddable":true,"href":"https:\/\/www.frank-kuehn.com\/index.php?rest_route=\/wp\/v2\/users\/1"}],"replies":[{"embeddable":true,"href":"https:\/\/www.frank-kuehn.com\/index.php?rest_route=%2Fwp%2Fv2%2Fcomments&post=94"}],"version-history":[{"count":7,"href":"https:\/\/www.frank-kuehn.com\/index.php?rest_route=\/wp\/v2\/pages\/94\/revisions"}],"predecessor-version":[{"id":544,"href":"https:\/\/www.frank-kuehn.com\/index.php?rest_route=\/wp\/v2\/pages\/94\/revisions\/544"}],"wp:featuredmedia":[{"embeddable":true,"href":"https:\/\/www.frank-kuehn.com\/index.php?rest_route=\/wp\/v2\/media\/112"}],"wp:attachment":[{"href":"https:\/\/www.frank-kuehn.com\/index.php?rest_route=%2Fwp%2Fv2%2Fmedia&parent=94"}],"curies":[{"name":"wp","href":"https:\/\/api.w.org\/{rel}","templated":true}]}}